{"id":2370,"date":"2024-05-28T12:06:25","date_gmt":"2024-05-28T10:06:25","guid":{"rendered":"https:\/\/vetonia.es\/?page_id=2370"},"modified":"2025-04-19T10:33:41","modified_gmt":"2025-04-19T08:33:41","slug":"videos-para-aprender-espanol","status":"publish","type":"page","link":"https:\/\/vetonia.es\/es\/biblioteca\/videos-para-aprender-espanol\/","title":{"rendered":"V\u00eddeos"},"content":{"rendered":"<p>[et_pb_section fb_built=\u00bb1&#8243; custom_padding_last_edited=\u00bbon|desktop\u00bb _builder_version=\u00bb4.24.2&#8243; background_color=\u00bbrgba(64,64,64,0.55)\u00bb background_image=\u00bbhttps:\/\/vetonia.es\/wp-content\/uploads\/2024\/03\/biblioteca-e1710254310927.jpg\u00bb background_position=\u00bbtop_center\u00bb background_blend=\u00bbsoft-light\u00bb background_enable_mask_style=\u00bbon\u00bb background_mask_style=\u00bbcaret\u00bb background_mask_color=\u00bbrgba(204,174,102,0.75)\u00bb background_mask_transform=\u00bbinvert|flip_horizontal\u00bb custom_padding=\u00bb220px||220px||true|false\u00bb custom_padding_tablet=\u00bb100px||100px|\u00bb custom_padding_phone=\u00bb80px||80px|\u00bb custom_css_before=\u00bb content: %22%22;|| display: block;|| position: absolute;|| top: 0;|| left: 0;|| width: 100%;|| height: 100%;\u00bb locked=\u00bboff\u00bb collapsed=\u00bboff\u00bb global_colors_info=\u00bb{}\u00bb][et_pb_row _builder_version=\u00bb4.24.2&#8243; max_width=\u00bb1175px\u00bb custom_margin=\u00bb|||10%|false|false\u00bb custom_padding=\u00bb|0px||0px|false|false\u00bb use_custom_width=\u00bbon\u00bb custom_width_px=\u00bb1175px\u00bb collapsed=\u00bboff\u00bb global_colors_info=\u00bb{}\u00bb][et_pb_column type=\u00bb4_4&#8243; _builder_version=\u00bb4.16&#8243; custom_padding=\u00bb|||\u00bb global_colors_info=\u00bb{}\u00bb custom_padding__hover=\u00bb|||\u00bb][et_pb_text admin_label=\u00bbOur Blog\u00bb _builder_version=\u00bb4.25.1&#8243; text_font=\u00bbMerriweather Sans|300|||||||\u00bb text_text_color=\u00bb#FFFFFF\u00bb text_font_size=\u00bb50px\u00bb text_line_height=\u00bb120%\u00bb header_font=\u00bbMerriweather Sans|700|||||||\u00bb header_text_color=\u00bb#FFFFFF\u00bb text_font_size_tablet=\u00bb40px\u00bb text_font_size_phone=\u00bb30px\u00bb text_font_size_last_edited=\u00bbon|tablet\u00bb header_font_size_tablet=\u00bb25px\u00bb header_font_size_phone=\u00bb20px\u00bb header_font_size_last_edited=\u00bbon|desktop\u00bb text_text_shadow_style=\u00bbpreset1&#8243; global_colors_info=\u00bb{}\u00bb]<\/p>\n<p style=\"padding-bottom: 20px;\">V\u00eddeos para aprender espa\u00f1ol<\/p>\n<h1>Explora v\u00eddeos que desaf\u00edan tu nivel y ampl\u00edan tu conocimiento del espa\u00f1ol<\/h1>\n<p>[\/et_pb_text][\/et_pb_column][\/et_pb_row][\/et_pb_section][et_pb_section fb_built=\u00bb1&#8243; _builder_version=\u00bb4.24.2&#8243; _module_preset=\u00bbdefault\u00bb background_color=\u00bbrgba(204,174,102,0.15)\u00bb custom_padding=\u00bb75px||75px||true|\u00bb global_colors_info=\u00bb{}\u00bb][et_pb_row _builder_version=\u00bb4.24.2&#8243; _module_preset=\u00bbdefault\u00bb custom_padding=\u00bb0px||0px||true|\u00bb global_colors_info=\u00bb{}\u00bb][et_pb_column type=\u00bb4_4&#8243; _builder_version=\u00bb4.24.2&#8243; _module_preset=\u00bbdefault\u00bb global_colors_info=\u00bb{}\u00bb][et_pb_heading title=\u00bbAprende espa\u00f1ol viendo el mundo con otros ojos\u00bb _builder_version=\u00bb4.27.4&#8243; _module_preset=\u00bbdefault\u00bb title_level=\u00bbh3&#8243; hover_enabled=\u00bb0&#8243; sticky_enabled=\u00bb0&#8243;][\/et_pb_heading][et_pb_text _builder_version=\u00bb4.25.1&#8243; _module_preset=\u00bbdefault\u00bb header_2_font_size=\u00bb25px\u00bb header_2_font_size_tablet=\u00bb23px\u00bb header_2_font_size_phone=\u00bb20px\u00bb header_2_font_size_last_edited=\u00bbon|phone\u00bb global_colors_info=\u00bb{}\u00bb]<\/p>\n<p data-start=\"754\" data-end=\"991\" class=\"\">\u00bfQuieres mejorar tu comprensi\u00f3n del espa\u00f1ol de forma din\u00e1mica y visual? En Vetonia te ofrecemos una selecci\u00f3n de <strong data-start=\"867\" data-end=\"899\">v\u00eddeos para aprender espa\u00f1ol<\/strong>, organizados por niveles y dise\u00f1ados para ampliar tus horizontes ling\u00fc\u00edsticos y culturales.<\/p>\n<p data-start=\"993\" data-end=\"1276\" class=\"\">Cada v\u00eddeo est\u00e1 creado para desafiar tu nivel y ayudarte a avanzar paso a paso. Encontrar\u00e1s materiales adecuados para principiantes, intermedios y avanzados, que te permitir\u00e1n trabajar tu comprensi\u00f3n auditiva, tu vocabulario y tu capacidad de interpretar el espa\u00f1ol en contexto real.<\/p>\n<p data-start=\"1278\" data-end=\"1618\" class=\"\">En nuestros v\u00eddeos no encontrar\u00e1s solo t\u00f3picos como la paella o el flamenco. Nos adentramos en temas actuales, sociales, hist\u00f3ricos y culturales que muestran la riqueza y diversidad del mundo hispano. Desde variedades dialectales hasta entrevistas con hablantes nativos, te acercamos a la realidad del espa\u00f1ol tal y como se habla y se vive.<\/p>\n<p data-start=\"1620\" data-end=\"1903\" class=\"\">Los v\u00eddeos incluyen fragmentos reales, entrevistas, explicaciones culturales, expresiones coloquiales y ejemplos de diferentes acentos. As\u00ed, adem\u00e1s de aprender gram\u00e1tica y vocabulario, desarrollar\u00e1s tu o\u00eddo para entender el idioma en distintas situaciones cotidianas y profesionales.<\/p>\n<p data-start=\"1905\" data-end=\"2185\" class=\"\">\u00bfTe interesa trabajar en tu pronunciaci\u00f3n? \u00bfO quiz\u00e1 mejorar tu comprensi\u00f3n de diferentes registros? Nuestros v\u00eddeos tambi\u00e9n incluyen temas como el arte, la historia, la literatura, los viajes o la vida cotidiana. Todo pensado para que el aprendizaje sea tan \u00fatil como estimulante.<\/p>\n<p data-start=\"2187\" data-end=\"2334\" class=\"\">\ud83c\udfac Los primeros v\u00eddeos estar\u00e1n disponibles muy pronto. Mientras tanto, puedes consultar <a href=\"https:\/\/www.youtube.com\/@blogdeespanol\">recursos recomendados<\/a> que te ayudar\u00e1n a seguir practicando.<\/p>\n<p data-start=\"2336\" data-end=\"2521\" class=\"\">Y si tienes curiosidad por alg\u00fan tema espec\u00edfico \u2014ya sea de lengua, cultura, historia o cine\u2014, <a href=\"https:\/\/vetonia.es\/es\/contacto\/\">\u00a1escr\u00edbenos!<\/a> Estaremos encantadas de preparar nuevos v\u00eddeos que respondan a tus intereses.<\/p>\n<p>[\/et_pb_text][\/et_pb_column][\/et_pb_row][et_pb_row _builder_version=\u00bb4.27.4&#8243; _module_preset=\u00bbdefault\u00bb][et_pb_column _builder_version=\u00bb4.27.4&#8243; _module_preset=\u00bbdefault\u00bb type=\u00bb4_4&#8243;][\/et_pb_column][\/et_pb_row][et_pb_row use_custom_gutter=\u00bbon\u00bb gutter_width=\u00bb1&#8243; make_equal=\u00bbon\u00bb _builder_version=\u00bb4.24.2&#8243; _module_preset=\u00bbdefault\u00bb custom_padding=\u00bb50px||0px||false|\u00bb global_colors_info=\u00bb{}\u00bb][et_pb_column type=\u00bb4_4&#8243; _builder_version=\u00bb4.24.2&#8243; _module_preset=\u00bbdefault\u00bb global_colors_info=\u00bb{}\u00bb][et_pb_shop type=\u00bbproduct_category\u00bb include_categories=\u00bb77&#8243; columns_number=\u00bb3&#8243; show_price=\u00bboff\u00bb _builder_version=\u00bb4.25.1&#8243; _module_preset=\u00bbdefault\u00bb title_text_align=\u00bbcenter\u00bb title_font_size=\u00bb14px\u00bb global_colors_info=\u00bb{}\u00bb][\/et_pb_shop][\/et_pb_column][\/et_pb_row][\/et_pb_section][et_pb_section fb_built=\u00bb1&#8243; _builder_version=\u00bb4.24.2&#8243; _module_preset=\u00bbdefault\u00bb background_color=\u00bb#FFFFFF\u00bb custom_padding=\u00bb75px||75px||true|\u00bb global_colors_info=\u00bb{}\u00bb][et_pb_row _builder_version=\u00bb4.24.2&#8243; _module_preset=\u00bbdefault\u00bb custom_padding=\u00bb0px||0px||true|\u00bb global_colors_info=\u00bb{}\u00bb][et_pb_column type=\u00bb4_4&#8243; _builder_version=\u00bb4.24.2&#8243; _module_preset=\u00bbdefault\u00bb global_colors_info=\u00bb{}\u00bb][et_pb_cta title=\u00bb\u00bfDe qu\u00e9 te gustar\u00eda saber m\u00e1s?\u00bb button_url=\u00bb\/contacto\/\u00bb button_text=\u00bbCont\u00e1ctanos\u00bb _builder_version=\u00bb4.25.1&#8243; _module_preset=\u00bbdefault\u00bb header_text_color=\u00bb#404040&#8243; body_text_color=\u00bb#404040&#8243; use_background_color=\u00bboff\u00bb custom_button=\u00bbon\u00bb button_text_size=\u00bb18px\u00bb button_text_color=\u00bb#FFFFFF\u00bb button_bg_color=\u00bb#6E4622&#8243; button_border_color=\u00bb#6E4622&#8243; button_border_radius=\u00bb5px\u00bb button_letter_spacing=\u00bb1px\u00bb button_font=\u00bbMerriweather Sans||||||||\u00bb button_icon=\u00bb&#xe076;||divi||400&#8243; button_icon_color=\u00bb#FFFFFF\u00bb button_on_hover=\u00bboff\u00bb global_colors_info=\u00bb{}\u00bb button_text_color__hover=\u00bb#6E4622&#8243; button_text_color__hover_enabled=\u00bbon|hover\u00bb button_bg_color__hover=\u00bb#FFFFFF\u00bb button_bg_color__hover_enabled=\u00bbon|desktop\u00bb button_icon_color__hover=\u00bb#6E4622&#8243; button_icon_color__hover_enabled=\u00bbon|desktop\u00bb]<\/p>\n<p>Escr\u00edbenos para hacernos saber cu\u00e1les son los temas que m\u00e1s te interesan y crear v\u00eddeos <em>ad hoc<\/em>.<\/p>\n<p>[\/et_pb_cta][\/et_pb_column][\/et_pb_row][\/et_pb_section]<\/p>\n","protected":false},"excerpt":{"rendered":"<p>En esta secci\u00f3n puedes sumergirte en interesantes temas a trav\u00e9s de v\u00eddeos clasificados por niveles de competencia. Desafiamos tu nivel \u00a1y tambi\u00e9n tus convicciones! Una selecci\u00f3n de temas interesantes, &#8211; m\u00e1s all\u00e1 de las tapas, la paella y la tortilla de patata &#8211; para acercarte a distintas realidades del espa\u00f1ol. <\/p>\n","protected":false},"author":2,"featured_media":0,"parent":1794,"menu_order":0,"comment_status":"closed","ping_status":"closed","template":"","meta":{"footnotes":""},"class_list":["post-2370","page","type-page","status-publish","hentry"],"yoast_head":"<!-- This site is optimized with the Yoast SEO plugin v27.3 - https:\/\/yoast.com\/product\/yoast-seo-wordpress\/ -->\n<title>V\u00eddeos &#8226; Vetonia V\u00eddeos para aprender espa\u00f1ol por niveles con temas reales<\/title>\n<meta name=\"description\" content=\"Videos para aprender espa\u00f1ol con contenidos reales y actuales. Mejora practicando la comprensi\u00f3n y ampliando tu conocimiento del idioma.\" \/>\n<meta name=\"robots\" content=\"noindex, follow, max-snippet:-1, max-image-preview:large, max-video-preview:-1\" \/>\n<meta property=\"og:locale\" content=\"es_ES\" \/>\n<meta property=\"og:type\" content=\"article\" \/>\n<meta property=\"og:title\" content=\"V\u00eddeos &#8226; Vetonia V\u00eddeos para aprender espa\u00f1ol por niveles con temas reales\" \/>\n<meta property=\"og:description\" content=\"Videos para aprender espa\u00f1ol con contenidos reales y actuales. Mejora practicando la comprensi\u00f3n y ampliando tu conocimiento del idioma.\" \/>\n<meta property=\"og:url\" content=\"https:\/\/vetonia.es\/es\/biblioteca\/videos-para-aprender-espanol\/\" \/>\n<meta property=\"og:site_name\" content=\"Vetonia\" \/>\n<meta property=\"article:modified_time\" content=\"2025-04-19T08:33:41+00:00\" \/>\n<meta property=\"og:image\" content=\"https:\/\/vetonia.es\/wp-content\/uploads\/2025\/05\/vetonia-2-scaled_opt.png\" \/>\n\t<meta property=\"og:image:width\" content=\"350\" \/>\n\t<meta property=\"og:image:height\" content=\"225\" \/>\n\t<meta property=\"og:image:type\" content=\"image\/png\" \/>\n<meta name=\"twitter:card\" content=\"summary_large_image\" \/>\n<meta name=\"twitter:label1\" content=\"Tiempo de lectura\" \/>\n\t<meta name=\"twitter:data1\" content=\"2 minutos\" \/>\n<script type=\"application\/ld+json\" class=\"yoast-schema-graph\">{\"@context\":\"https:\\\/\\\/schema.org\",\"@graph\":[{\"@type\":\"WebPage\",\"@id\":\"https:\\\/\\\/vetonia.es\\\/es\\\/biblioteca\\\/videos-para-aprender-espanol\\\/\",\"url\":\"https:\\\/\\\/vetonia.es\\\/es\\\/biblioteca\\\/videos-para-aprender-espanol\\\/\",\"name\":\"V\u00eddeos &#8226; Vetonia V\u00eddeos para aprender espa\u00f1ol por niveles con temas reales\",\"isPartOf\":{\"@id\":\"https:\\\/\\\/vetonia.es\\\/#website\"},\"datePublished\":\"2024-05-28T10:06:25+00:00\",\"dateModified\":\"2025-04-19T08:33:41+00:00\",\"description\":\"Videos para aprender espa\u00f1ol con contenidos reales y actuales. Mejora practicando la comprensi\u00f3n y ampliando tu conocimiento del idioma.\",\"breadcrumb\":{\"@id\":\"https:\\\/\\\/vetonia.es\\\/es\\\/biblioteca\\\/videos-para-aprender-espanol\\\/#breadcrumb\"},\"inLanguage\":\"es\",\"potentialAction\":[{\"@type\":\"ReadAction\",\"target\":[\"https:\\\/\\\/vetonia.es\\\/es\\\/biblioteca\\\/videos-para-aprender-espanol\\\/\"]}]},{\"@type\":\"BreadcrumbList\",\"@id\":\"https:\\\/\\\/vetonia.es\\\/es\\\/biblioteca\\\/videos-para-aprender-espanol\\\/#breadcrumb\",\"itemListElement\":[{\"@type\":\"ListItem\",\"position\":1,\"name\":\"Portada\",\"item\":\"https:\\\/\\\/vetonia.es\\\/\"},{\"@type\":\"ListItem\",\"position\":2,\"name\":\"Biblioteca\",\"item\":\"https:\\\/\\\/vetonia.es\\\/es\\\/biblioteca\\\/\"},{\"@type\":\"ListItem\",\"position\":3,\"name\":\"V\u00eddeos\"}]},{\"@type\":\"WebSite\",\"@id\":\"https:\\\/\\\/vetonia.es\\\/#website\",\"url\":\"https:\\\/\\\/vetonia.es\\\/\",\"name\":\"Vetonia\",\"description\":\"Tu mundo de recursos para el aprendizaje de espa\u00f1ol\",\"publisher\":{\"@id\":\"https:\\\/\\\/vetonia.es\\\/#organization\"},\"alternateName\":\"Online Spanish courses & on-site inmersions\",\"potentialAction\":[{\"@type\":\"SearchAction\",\"target\":{\"@type\":\"EntryPoint\",\"urlTemplate\":\"https:\\\/\\\/vetonia.es\\\/?s={search_term_string}\"},\"query-input\":{\"@type\":\"PropertyValueSpecification\",\"valueRequired\":true,\"valueName\":\"search_term_string\"}}],\"inLanguage\":\"es\"},{\"@type\":\"Organization\",\"@id\":\"https:\\\/\\\/vetonia.es\\\/#organization\",\"name\":\"Vetonia\",\"url\":\"https:\\\/\\\/vetonia.es\\\/\",\"logo\":{\"@type\":\"ImageObject\",\"inLanguage\":\"es\",\"@id\":\"https:\\\/\\\/vetonia.es\\\/#\\\/schema\\\/logo\\\/image\\\/\",\"url\":\"https:\\\/\\\/vetonia.es\\\/wp-content\\\/uploads\\\/2025\\\/05\\\/vetonia-2-scaled_opt.png\",\"contentUrl\":\"https:\\\/\\\/vetonia.es\\\/wp-content\\\/uploads\\\/2025\\\/05\\\/vetonia-2-scaled_opt.png\",\"width\":350,\"height\":225,\"caption\":\"Vetonia\"},\"image\":{\"@id\":\"https:\\\/\\\/vetonia.es\\\/#\\\/schema\\\/logo\\\/image\\\/\"}}]}<\/script>\n<!-- \/ Yoast SEO plugin. -->","yoast_head_json":{"title":"V\u00eddeos &#8226; Vetonia V\u00eddeos para aprender espa\u00f1ol por niveles con temas reales","description":"Videos para aprender espa\u00f1ol con contenidos reales y actuales. Mejora practicando la comprensi\u00f3n y ampliando tu conocimiento del idioma.","robots":{"index":"noindex","follow":"follow","max-snippet":"max-snippet:-1","max-image-preview":"max-image-preview:large","max-video-preview":"max-video-preview:-1"},"og_locale":"es_ES","og_type":"article","og_title":"V\u00eddeos &#8226; Vetonia V\u00eddeos para aprender espa\u00f1ol por niveles con temas reales","og_description":"Videos para aprender espa\u00f1ol con contenidos reales y actuales. Mejora practicando la comprensi\u00f3n y ampliando tu conocimiento del idioma.","og_url":"https:\/\/vetonia.es\/es\/biblioteca\/videos-para-aprender-espanol\/","og_site_name":"Vetonia","article_modified_time":"2025-04-19T08:33:41+00:00","og_image":[{"width":350,"height":225,"url":"https:\/\/vetonia.es\/wp-content\/uploads\/2025\/05\/vetonia-2-scaled_opt.png","type":"image\/png"}],"twitter_card":"summary_large_image","twitter_misc":{"Tiempo de lectura":"2 minutos"},"schema":{"@context":"https:\/\/schema.org","@graph":[{"@type":"WebPage","@id":"https:\/\/vetonia.es\/es\/biblioteca\/videos-para-aprender-espanol\/","url":"https:\/\/vetonia.es\/es\/biblioteca\/videos-para-aprender-espanol\/","name":"V\u00eddeos &#8226; Vetonia V\u00eddeos para aprender espa\u00f1ol por niveles con temas reales","isPartOf":{"@id":"https:\/\/vetonia.es\/#website"},"datePublished":"2024-05-28T10:06:25+00:00","dateModified":"2025-04-19T08:33:41+00:00","description":"Videos para aprender espa\u00f1ol con contenidos reales y actuales. Mejora practicando la comprensi\u00f3n y ampliando tu conocimiento del idioma.","breadcrumb":{"@id":"https:\/\/vetonia.es\/es\/biblioteca\/videos-para-aprender-espanol\/#breadcrumb"},"inLanguage":"es","potentialAction":[{"@type":"ReadAction","target":["https:\/\/vetonia.es\/es\/biblioteca\/videos-para-aprender-espanol\/"]}]},{"@type":"BreadcrumbList","@id":"https:\/\/vetonia.es\/es\/biblioteca\/videos-para-aprender-espanol\/#breadcrumb","itemListElement":[{"@type":"ListItem","position":1,"name":"Portada","item":"https:\/\/vetonia.es\/"},{"@type":"ListItem","position":2,"name":"Biblioteca","item":"https:\/\/vetonia.es\/es\/biblioteca\/"},{"@type":"ListItem","position":3,"name":"V\u00eddeos"}]},{"@type":"WebSite","@id":"https:\/\/vetonia.es\/#website","url":"https:\/\/vetonia.es\/","name":"Vetonia","description":"Tu mundo de recursos para el aprendizaje de espa\u00f1ol","publisher":{"@id":"https:\/\/vetonia.es\/#organization"},"alternateName":"Online Spanish courses & on-site inmersions","potentialAction":[{"@type":"SearchAction","target":{"@type":"EntryPoint","urlTemplate":"https:\/\/vetonia.es\/?s={search_term_string}"},"query-input":{"@type":"PropertyValueSpecification","valueRequired":true,"valueName":"search_term_string"}}],"inLanguage":"es"},{"@type":"Organization","@id":"https:\/\/vetonia.es\/#organization","name":"Vetonia","url":"https:\/\/vetonia.es\/","logo":{"@type":"ImageObject","inLanguage":"es","@id":"https:\/\/vetonia.es\/#\/schema\/logo\/image\/","url":"https:\/\/vetonia.es\/wp-content\/uploads\/2025\/05\/vetonia-2-scaled_opt.png","contentUrl":"https:\/\/vetonia.es\/wp-content\/uploads\/2025\/05\/vetonia-2-scaled_opt.png","width":350,"height":225,"caption":"Vetonia"},"image":{"@id":"https:\/\/vetonia.es\/#\/schema\/logo\/image\/"}}]}},"_links":{"self":[{"href":"https:\/\/vetonia.es\/es\/wp-json\/wp\/v2\/pages\/2370","targetHints":{"allow":["GET"]}}],"collection":[{"href":"https:\/\/vetonia.es\/es\/wp-json\/wp\/v2\/pages"}],"about":[{"href":"https:\/\/vetonia.es\/es\/wp-json\/wp\/v2\/types\/page"}],"author":[{"embeddable":true,"href":"https:\/\/vetonia.es\/es\/wp-json\/wp\/v2\/users\/2"}],"replies":[{"embeddable":true,"href":"https:\/\/vetonia.es\/es\/wp-json\/wp\/v2\/comments?post=2370"}],"version-history":[{"count":5,"href":"https:\/\/vetonia.es\/es\/wp-json\/wp\/v2\/pages\/2370\/revisions"}],"predecessor-version":[{"id":3183,"href":"https:\/\/vetonia.es\/es\/wp-json\/wp\/v2\/pages\/2370\/revisions\/3183"}],"up":[{"embeddable":true,"href":"https:\/\/vetonia.es\/es\/wp-json\/wp\/v2\/pages\/1794"}],"wp:attachment":[{"href":"https:\/\/vetonia.es\/es\/wp-json\/wp\/v2\/media?parent=2370"}],"curies":[{"name":"wp","href":"https:\/\/api.w.org\/{rel}","templated":true}]}}